{"id":384,"date":"2023-06-05T17:22:52","date_gmt":"2023-06-05T20:22:52","guid":{"rendered":"https:\/\/camaraimediatto.com.br\/2023\/?page_id=384"},"modified":"2023-06-06T11:32:38","modified_gmt":"2023-06-06T14:32:38","slug":"conciliacao","status":"publish","type":"page","link":"https:\/\/camaraimediatto.com.br\/2023\/conciliacao\/","title":{"rendered":"Concilia\u00e7\u00e3o"},"content":{"rendered":"\t\t<div data-elementor-type=\"wp-page\" data-elementor-id=\"384\" class=\"elementor elementor-384\" data-elementor-post-type=\"page\">\n\t\t\t\t\t\t<section class=\"elementor-section elementor-top-section elementor-element elementor-element-3c51d309 elementor-section-full_width elementor-section-height-default elementor-section-height-default\" data-id=\"3c51d309\" data-element_type=\"section\" data-settings=\"{&quot;background_background&quot;:&quot;classic&quot;}\">\n\t\t\t\t\t\t<div class=\"elementor-container elementor-column-gap-default\">\n\t\t\t\t\t<div class=\"elementor-column elementor-col-100 elementor-top-column elementor-element elementor-element-32ca6307\" data-id=\"32ca6307\" data-element_type=\"column\">\n\t\t\t<div class=\"elementor-widget-wrap\">\n\t\t\t\t\t\t\t<\/div>\n\t\t<\/div>\n\t\t\t\t\t<\/div>\n\t\t<\/section>\n\t\t\t\t<section class=\"elementor-section elementor-top-section elementor-element elementor-element-4c4e6fad elementor-section-content-middle elementor-section-boxed elementor-section-height-default elementor-section-height-default\" data-id=\"4c4e6fad\" data-element_type=\"section\" data-settings=\"{&quot;background_background&quot;:&quot;classic&quot;}\">\n\t\t\t\t\t\t\t<div class=\"elementor-background-overlay\"><\/div>\n\t\t\t\t\t\t\t<div class=\"elementor-container elementor-column-gap-no\">\n\t\t\t\t\t<div class=\"elementor-column elementor-col-100 elementor-top-column elementor-element elementor-element-1fcbec4e elementor-invisible\" data-id=\"1fcbec4e\" data-element_type=\"column\" data-settings=\"{&quot;animation&quot;:&quot;fadeInUp&quot;}\">\n\t\t\t<div class=\"elementor-widget-wrap elementor-element-populated\">\n\t\t\t\t\t\t<div class=\"elementor-element elementor-element-5452a444 elementor-widget elementor-widget-heading\" data-id=\"5452a444\" data-element_type=\"widget\" data-widget_type=\"heading.default\">\n\t\t\t\t<div class=\"elementor-widget-container\">\n\t\t\t\t\t<span class=\"elementor-heading-title elementor-size-default\">[ Servi\u00e7os ]<\/span>\t\t\t\t<\/div>\n\t\t\t\t<\/div>\n\t\t\t\t<div class=\"elementor-element elementor-element-ce65667 elementor-icon-list--layout-inline elementor-list-item-link-full_width elementor-widget elementor-widget-icon-list\" data-id=\"ce65667\" data-element_type=\"widget\" data-widget_type=\"icon-list.default\">\n\t\t\t\t<div class=\"elementor-widget-container\">\n\t\t\t\t\t\t\t<ul class=\"elementor-icon-list-items elementor-inline-items\">\n\t\t\t\t\t\t\t<li class=\"elementor-icon-list-item elementor-inline-item\">\n\t\t\t\t\t\t\t\t\t\t\t<a href=\"#\">\n\n\t\t\t\t\t\t\t\t\t\t\t<span class=\"elementor-icon-list-text\">Home<\/span>\n\t\t\t\t\t\t\t\t\t\t\t<\/a>\n\t\t\t\t\t\t\t\t\t<\/li>\n\t\t\t\t\t\t\t\t<li class=\"elementor-icon-list-item elementor-inline-item\">\n\t\t\t\t\t\t\t\t\t\t\t<span class=\"elementor-icon-list-icon\">\n\t\t\t\t\t\t\t<i aria-hidden=\"true\" class=\"fas fa-angle-right\"><\/i>\t\t\t\t\t\t<\/span>\n\t\t\t\t\t\t\t\t\t\t<span class=\"elementor-icon-list-text\"><\/span>\n\t\t\t\t\t\t\t\t\t<\/li>\n\t\t\t\t\t\t<\/ul>\n\t\t\t\t\t\t<\/div>\n\t\t\t\t<\/div>\n\t\t\t\t\t<\/div>\n\t\t<\/div>\n\t\t\t\t\t<\/div>\n\t\t<\/section>\n\t\t\t\t<section class=\"elementor-section elementor-top-section elementor-element elementor-element-7fa6966 elementor-section-boxed elementor-section-height-default elementor-section-height-default\" data-id=\"7fa6966\" data-element_type=\"section\">\n\t\t\t\t\t\t<div class=\"elementor-container elementor-column-gap-no\">\n\t\t\t\t\t<div class=\"elementor-column elementor-col-100 elementor-top-column elementor-element elementor-element-60b765d1\" data-id=\"60b765d1\" data-element_type=\"column\">\n\t\t\t<div class=\"elementor-widget-wrap elementor-element-populated\">\n\t\t\t\t\t\t<section class=\"elementor-section elementor-inner-section elementor-element elementor-element-4070337a elementor-section-boxed elementor-section-height-default elementor-section-height-default elementor-invisible\" data-id=\"4070337a\" data-element_type=\"section\" data-settings=\"{&quot;animation&quot;:&quot;fadeInUp&quot;}\">\n\t\t\t\t\t\t<div class=\"elementor-container elementor-column-gap-no\">\n\t\t\t\t\t<div class=\"elementor-column elementor-col-100 elementor-inner-column elementor-element elementor-element-6264cf37\" data-id=\"6264cf37\" data-element_type=\"column\">\n\t\t\t<div class=\"elementor-widget-wrap elementor-element-populated\">\n\t\t\t\t\t\t<div class=\"elementor-element elementor-element-3f33c171 elementor-widget elementor-widget-heading\" data-id=\"3f33c171\" data-element_type=\"widget\" data-widget_type=\"heading.default\">\n\t\t\t\t<div class=\"elementor-widget-container\">\n\t\t\t\t\t<span class=\"elementor-heading-title elementor-size-default\">[ Concilia\u00e7\u00e3o ]<\/span>\t\t\t\t<\/div>\n\t\t\t\t<\/div>\n\t\t\t\t<div class=\"elementor-element elementor-element-5fcc2abf elementor-widget elementor-widget-heading\" data-id=\"5fcc2abf\" data-element_type=\"widget\" data-widget_type=\"heading.default\">\n\t\t\t\t<div class=\"elementor-widget-container\">\n\t\t\t\t\t<h2 class=\"elementor-heading-title elementor-size-default\">Indicada nos casos de:\n\n<\/h2>\t\t\t\t<\/div>\n\t\t\t\t<\/div>\n\t\t\t\t<div class=\"elementor-element elementor-element-1a6957e0 elementor-widget__width-initial elementor-widget elementor-widget-heading\" data-id=\"1a6957e0\" data-element_type=\"widget\" data-widget_type=\"heading.default\">\n\t\t\t\t<div class=\"elementor-widget-container\">\n\t\t\t\t\t<p class=\"elementor-heading-title elementor-size-default\">Direito do consumidor<br>\nConflitos entre vizinhos<\/p>\t\t\t\t<\/div>\n\t\t\t\t<\/div>\n\t\t\t\t\t<\/div>\n\t\t<\/div>\n\t\t\t\t\t<\/div>\n\t\t<\/section>\n\t\t\t\t<section class=\"elementor-section elementor-inner-section elementor-element elementor-element-52de0225 elementor-section-boxed elementor-section-height-default elementor-section-height-default elementor-invisible\" data-id=\"52de0225\" data-element_type=\"section\" data-settings=\"{&quot;animation&quot;:&quot;fadeInUp&quot;}\">\n\t\t\t\t\t\t<div class=\"elementor-container elementor-column-gap-no\">\n\t\t\t\t\t<div class=\"elementor-column elementor-col-100 elementor-inner-column elementor-element elementor-element-4f7fa844\" data-id=\"4f7fa844\" data-element_type=\"column\" data-settings=\"{&quot;background_background&quot;:&quot;classic&quot;}\">\n\t\t\t<div class=\"elementor-widget-wrap elementor-element-populated\">\n\t\t\t\t\t\t<section class=\"elementor-section elementor-inner-section elementor-element elementor-element-3b97c93b elementor-section-content-middle elementor-section-boxed elementor-section-height-default elementor-section-height-default\" data-id=\"3b97c93b\" data-element_type=\"section\">\n\t\t\t\t\t\t<div class=\"elementor-container elementor-column-gap-no\">\n\t\t\t\t\t<div class=\"elementor-column elementor-col-100 elementor-inner-column elementor-element elementor-element-39d5d798\" data-id=\"39d5d798\" data-element_type=\"column\">\n\t\t\t<div class=\"elementor-widget-wrap elementor-element-populated\">\n\t\t\t\t\t\t<div class=\"elementor-element elementor-element-34257b66 elementor-widget elementor-widget-heading\" data-id=\"34257b66\" data-element_type=\"widget\" data-widget_type=\"heading.default\">\n\t\t\t\t<div class=\"elementor-widget-container\">\n\t\t\t\t\t<h5 class=\"elementor-heading-title elementor-size-default\">Assim como a MEDIA\u00c7\u00c3O, tamb\u00e9m pode ser utilizada nos casos ocorridos na:<\/h5>\t\t\t\t<\/div>\n\t\t\t\t<\/div>\n\t\t\t\t<div class=\"elementor-element elementor-element-1754a4e0 elementor-widget elementor-widget-heading\" data-id=\"1754a4e0\" data-element_type=\"widget\" data-widget_type=\"heading.default\">\n\t\t\t\t<div class=\"elementor-widget-container\">\n\t\t\t\t\t<span class=\"elementor-heading-title elementor-size-default\"><b>ESFERA EMPRESARIAL <\/b>(dentro da empresa ou da organiza\u00e7\u00e3o empresarial):<br>\n\u2013 Entre empregado e empregador;<br>\n\u2013 Entre os pr\u00f3prios empregados; <br>\n\u2013 Entre colaboradores; <br>\n\u2013 Entre s\u00f3cios; <br>\n\u2013 Entre consumidores e fornecedores.\n<br><br>\n<b>ESFERA COMERCIAL <\/b>(rela\u00e7\u00e3o de consumo \u2013 quando h\u00e1 fidelidade do cliente e o comerciante n\u00e3o quer perder o cliente), como por exemplo: \u2013 pagamento de uma d\u00edvida;<br>\n\u2013 Entrega da compra;<br>\n\u2013 Atraso de pagamento de um boleto;\n<br><br>\n<b>ESFERA DA SA\u00daDE<\/b> \u2013 Conflitos que envolvem m\u00e9dicos, enfermeiros, gestores, terceirizados, laborat\u00f3rios, cl\u00ednicas de retaguarda, empresas de cuidados hospitalares (home care), pacientes, familiares e operadoras de seguros e planos de sa\u00fade.\n<br><br>\n<b>ESFERA ESCOLAR<\/b> \u2013 principalmente nos casos de bullying, deprecia\u00e7\u00e3o da imagem, di\u00e1logos deturpados e hostilidades desmedidas.\n<br><br>\n<b>ESFERA COMUNIT\u00c1RIA<\/b> \u2013 manter ou melhorar a conviv\u00eancia comunit\u00e1ria, resolvendo conflitos entre os membros da comunidade.\n<br><br>\n<b>ESFERA AMBIENTAL <\/b>\u2013 conserva\u00e7\u00e3o, melhoria, preven\u00e7\u00e3o de futuras disputas e conscientiza\u00e7\u00e3o da preserva\u00e7\u00e3o ecol\u00f3gica das \u00e1reas de conviv\u00eancia coletiva no uso pelos frequentadores.\n<br><br>\n<b>ESFERA IMOBILI\u00c1RIA <\/b>\u2013 especialmente nos conflitos condominiais.\n<br><br>\nA diferen\u00e7a no procedimento da Concilia\u00e7\u00e3o para o procedimento de Media\u00e7\u00e3o, \u00e9 que no procedimento da Concilia\u00e7\u00e3o, o Conciliador poder\u00e1 apresentar poss\u00edveis sugest\u00f5es para a solu\u00e7\u00e3o do conflito.<\/span>\t\t\t\t<\/div>\n\t\t\t\t<\/div>\n\t\t\t\t\t<\/div>\n\t\t<\/div>\n\t\t\t\t\t<\/div>\n\t\t<\/section>\n\t\t\t\t\t<\/div>\n\t\t<\/div>\n\t\t\t\t\t<\/div>\n\t\t<\/section>\n\t\t\t\t<section class=\"elementor-section elementor-inner-section elementor-element elementor-element-21e68caa elementor-section-boxed elementor-section-height-default elementor-section-height-default elementor-invisible\" data-id=\"21e68caa\" data-element_type=\"section\" data-settings=\"{&quot;animation&quot;:&quot;fadeInUp&quot;}\">\n\t\t\t\t\t\t<div class=\"elementor-container elementor-column-gap-no\">\n\t\t\t\t\t<div class=\"elementor-column elementor-col-100 elementor-inner-column elementor-element elementor-element-532489c6\" data-id=\"532489c6\" data-element_type=\"column\" data-settings=\"{&quot;background_background&quot;:&quot;classic&quot;}\">\n\t\t\t<div class=\"elementor-widget-wrap elementor-element-populated\">\n\t\t\t\t\t\t<section class=\"elementor-section elementor-inner-section elementor-element elementor-element-251f6167 elementor-section-content-middle elementor-section-boxed elementor-section-height-default elementor-section-height-default\" data-id=\"251f6167\" data-element_type=\"section\">\n\t\t\t\t\t\t<div class=\"elementor-container elementor-column-gap-no\">\n\t\t\t\t\t<div class=\"elementor-column elementor-col-100 elementor-inner-column elementor-element elementor-element-670d42bd\" data-id=\"670d42bd\" data-element_type=\"column\">\n\t\t\t<div class=\"elementor-widget-wrap elementor-element-populated\">\n\t\t\t\t\t\t<div class=\"elementor-element elementor-element-c61de5f elementor-widget elementor-widget-heading\" data-id=\"c61de5f\" data-element_type=\"widget\" data-widget_type=\"heading.default\">\n\t\t\t\t<div class=\"elementor-widget-container\">\n\t\t\t\t\t<h5 class=\"elementor-heading-title elementor-size-default\">COMO OCORRE<\/h5>\t\t\t\t<\/div>\n\t\t\t\t<\/div>\n\t\t\t\t\t<\/div>\n\t\t<\/div>\n\t\t\t\t\t<\/div>\n\t\t<\/section>\n\t\t\t\t<div class=\"elementor-element elementor-element-6edb305b elementor-widget elementor-widget-heading\" data-id=\"6edb305b\" data-element_type=\"widget\" data-widget_type=\"heading.default\">\n\t\t\t\t<div class=\"elementor-widget-container\">\n\t\t\t\t\t<span class=\"elementor-heading-title elementor-size-default\"><b>1<\/b> - Ao surgir um conflito, uma das partes entra em contato com a IMEDIATTO, atrav\u00e9s do site, Whatsapp, Instagram, Telefone ou e-mail, informando APENAS UM BREVE RESUMO do ocorrido e os contatos da outra parte conflitante; \u00c9 de extrema import\u00e2ncia que n\u00e3o sejam revelados detalhes do conflito, pois estes dever\u00e3o ser revelados durante as sess\u00f5es de Concilia\u00e7\u00e3o, pois n\u00e3o vamos defender os interesses da \u201cParte A\u201d ou da \u201cParte B\u201d, e sim, conduzir as duas partes a encontrarem juntas, uma solu\u00e7\u00e3o que seja satisfat\u00f3ria para ambas.\n<br>\n<b>2<\/b> - N\u00f3s da IMEDIATTO, entraremos em contato com a outra parte, atrav\u00e9s de contato telef\u00f4nico, e-mail, carta, ou mensagem via Whatsapp, informando que fomos procurados pela \u201cParte A\u201d, e esta manifestou a inten\u00e7\u00e3o de resolver o conflito, pacificamente, atrav\u00e9s da Concilia\u00e7\u00e3o, em nossa c\u00e2mara; Nesta fase, as duas partes ser\u00e3o convidadas para participar de um encontro chamado de Pr\u00e9-Concilia\u00e7\u00e3o. Este encontro poder\u00e1 ser realizado presencialmente em uma de nossas unidades f\u00edsicas ou via aplicativo ZOOM. Neste encontro ser\u00e3o explicados todos os detalhes do funcionamento da Concilia\u00e7\u00e3o e ser\u00e3o tiradas todas as d\u00favidas que surgirem; As partes s\u00e3o livres para serem acompanhadas de seus respectivos advogados, caso tenham interesse, durante todo o procedimento da Concilia\u00e7\u00e3o;\n<br>\n<b>3<\/b> - Ao final deste encontro, ser\u00e1 questionado \u00e0s partes se entenderam tudo em rela\u00e7\u00e3o ao procedimento da Concilia\u00e7\u00e3o, se ambas concordam e tem interesse na resolu\u00e7\u00e3o pacifica do conflito, atrav\u00e9s da Concilia\u00e7\u00e3o; Vale lembrar que as partes n\u00e3o tem nenhum compromisso em aceitar a continuidade deste procedimento.\n<br>\n<b>4<\/b> - Caso as duas partes concordem em utilizar a Concilia\u00e7\u00e3o como meio de resolu\u00e7\u00e3o do conflito entre elas, ser\u00e1 ent\u00e3o dado in\u00edcio ao processo de Concilia\u00e7\u00e3o, podendo ter in\u00edcio logo ao final da pr\u00e9- concilia\u00e7\u00e3o ou, poder\u00e1 agendada uma data para um primeiro encontro; neste primeiro encontro, um conciliador da c\u00e2mara IMEDIATTO, extremamente preparado, ir\u00e1 ouvir as partes e conduzi-las, atrav\u00e9s do di\u00e1logo,  a apresentarem propostas. O conciliador tamb\u00e9m poder\u00e1 apontar sugest\u00f5es para chegarem a um consenso e uma solu\u00e7\u00e3o pac\u00edfica \u00e0quele conflito apresentado; vale lembrar que n\u00e3o \u00e9 obrigat\u00f3rio que o conflito seja resolvido em apenas um \u00fanico encontro. Poder\u00e3o ser agendados quantos encontros forem necess\u00e1rios para dar \u00e0s partes toda a seguran\u00e7a e tranquilidade na produ\u00e7\u00e3o de poss\u00edveis solu\u00e7\u00f5es ao conflito. Estes encontros poder\u00e3o ser realizados presencialmente em uma de nossas unidades f\u00edsicas ou via aplicativo ZOOM. Vale tamb\u00e9m a pena lembrar que qualquer uma das partes \u00e9 livre para desistir da Concilia\u00e7\u00e3o, a qualquer tempo.\n<br>\n<b>5<\/b> - As partes encontrando uma solu\u00e7\u00e3o pacifica e satisfat\u00f3ria \u00e0 ambas, ser\u00e1 ent\u00e3o redigido um documento contendo todos os detalhes acertados e esse documento ser\u00e1 assinado (presencialmente ou digitalmente) pelo Conciliador e pelas partes. Este documento assinado, tem a efic\u00e1cia e a for\u00e7a de um T\u00edtulo Extrajudicial e dever\u00e1 ser cumprido \u00e0 risca por todos, podendo, no caso de n\u00e3o cumprimento ou cumprimento parcial, ser levado \u00e0 Justi\u00e7a, para que o Juiz de Direito exija o seu cumprimento, podendo ainda serem aplicadas todas as san\u00e7\u00f5es e penas existentes no C\u00f3digo Civil brasileiro.\n<br><br>\nA diferen\u00e7a no procedimento da Concilia\u00e7\u00e3o para o procedimento de Media\u00e7\u00e3o, \u00e9 que no procedimento da Concilia\u00e7\u00e3o, o Conciliador poder\u00e1 apresentar poss\u00edveis sugest\u00f5es para a solu\u00e7\u00e3o do conflito.<\/span>\t\t\t\t<\/div>\n\t\t\t\t<\/div>\n\t\t\t\t\t<\/div>\n\t\t<\/div>\n\t\t\t\t\t<\/div>\n\t\t<\/section>\n\t\t\t\t\t<\/div>\n\t\t<\/div>\n\t\t\t\t\t<\/div>\n\t\t<\/section>\n\t\t\t\t<section class=\"elementor-section elementor-top-section elementor-element elementor-element-1cebc7fe elementor-section-full_width elementor-section-height-default elementor-section-height-default\" data-id=\"1cebc7fe\" data-element_type=\"section\">\n\t\t\t\t\t\t<div class=\"elementor-container elementor-column-gap-no\">\n\t\t\t\t\t<div class=\"elementor-column elementor-col-50 elementor-top-column elementor-element elementor-element-7e4b1864 elementor-invisible\" data-id=\"7e4b1864\" data-element_type=\"column\" data-settings=\"{&quot;background_background&quot;:&quot;classic&quot;,&quot;animation&quot;:&quot;fadeInLeft&quot;}\">\n\t\t\t<div class=\"elementor-widget-wrap elementor-element-populated\">\n\t\t\t\t\t\t<div class=\"elementor-element elementor-element-6f060c2 elementor-widget elementor-widget-heading\" data-id=\"6f060c2\" data-element_type=\"widget\" data-widget_type=\"heading.default\">\n\t\t\t\t<div class=\"elementor-widget-container\">\n\t\t\t\t\t<span class=\"elementor-heading-title elementor-size-default\">[ Camara imeditto ]<\/span>\t\t\t\t<\/div>\n\t\t\t\t<\/div>\n\t\t\t\t<div class=\"elementor-element elementor-element-60ec14e2 elementor-widget elementor-widget-heading\" data-id=\"60ec14e2\" data-element_type=\"widget\" data-widget_type=\"heading.default\">\n\t\t\t\t<div class=\"elementor-widget-container\">\n\t\t\t\t\t<h2 class=\"elementor-heading-title elementor-size-default\">Envie agora seu caso e vamos solucionar!<\/h2>\t\t\t\t<\/div>\n\t\t\t\t<\/div>\n\t\t\t\t<section class=\"elementor-section elementor-inner-section elementor-element elementor-element-d5c4644 elementor-section-boxed elementor-section-height-default elementor-section-height-default\" data-id=\"d5c4644\" data-element_type=\"section\" data-settings=\"{&quot;background_background&quot;:&quot;classic&quot;}\">\n\t\t\t\t\t\t<div class=\"elementor-container elementor-column-gap-no\">\n\t\t\t\t\t<div class=\"elementor-column elementor-col-100 elementor-inner-column elementor-element elementor-element-d71c24d\" data-id=\"d71c24d\" data-element_type=\"column\">\n\t\t\t<div class=\"elementor-widget-wrap elementor-element-populated\">\n\t\t\t\t\t\t<div class=\"elementor-element elementor-element-0ad7778 elementor-button-align-stretch elementor-widget elementor-widget-form\" data-id=\"0ad7778\" data-element_type=\"widget\" data-settings=\"{&quot;step_next_label&quot;:&quot;Next&quot;,&quot;step_previous_label&quot;:&quot;Previous&quot;,&quot;button_width&quot;:&quot;100&quot;,&quot;step_type&quot;:&quot;number_text&quot;,&quot;step_icon_shape&quot;:&quot;circle&quot;}\" data-widget_type=\"form.default\">\n\t\t\t\t<div class=\"elementor-widget-container\">\n\t\t\t\t\t\t\t<form class=\"elementor-form\" method=\"post\" name=\"New Form\" aria-label=\"New Form\">\n\t\t\t<input type=\"hidden\" name=\"post_id\" value=\"384\"\/>\n\t\t\t<input type=\"hidden\" name=\"form_id\" value=\"0ad7778\"\/>\n\t\t\t<input type=\"hidden\" name=\"referer_title\" value=\"Concilia\u00e7\u00e3o\" \/>\n\n\t\t\t\t\t\t\t<input type=\"hidden\" name=\"queried_id\" value=\"384\"\/>\n\t\t\t\n\t\t\t<div class=\"elementor-form-fields-wrapper elementor-labels-\">\n\t\t\t\t\t\t\t\t<div class=\"elementor-field-type-text elementor-field-group elementor-column elementor-field-group-name elementor-col-100\">\n\t\t\t\t\t\t\t\t\t\t\t\t<label for=\"form-field-name\" class=\"elementor-field-label elementor-screen-only\">\n\t\t\t\t\t\t\t\tNome\t\t\t\t\t\t\t<\/label>\n\t\t\t\t\t\t\t\t\t\t\t\t\t\t<input size=\"1\" type=\"text\" name=\"form_fields[name]\" id=\"form-field-name\" class=\"elementor-field elementor-size-sm  elementor-field-textual\" placeholder=\"Nome\">\n\t\t\t\t\t\t\t\t\t\t\t<\/div>\n\t\t\t\t\t\t\t\t<div class=\"elementor-field-type-tel elementor-field-group elementor-column elementor-field-group-email elementor-col-100 elementor-field-required\">\n\t\t\t\t\t\t\t\t\t\t\t\t<label for=\"form-field-email\" class=\"elementor-field-label elementor-screen-only\">\n\t\t\t\t\t\t\t\tTelefone\t\t\t\t\t\t\t<\/label>\n\t\t\t\t\t\t\t\t<input size=\"1\" type=\"tel\" name=\"form_fields[email]\" id=\"form-field-email\" class=\"elementor-field elementor-size-sm  elementor-field-textual\" placeholder=\"Telefone\" required=\"required\" pattern=\"[0-9()#&amp;+*-=.]+\" title=\"Apenas n\u00fameros e caracteres de telefone (#, -, *, etc.) s\u00e3o aceitos.\">\n\n\t\t\t\t\t\t<\/div>\n\t\t\t\t\t\t\t\t<div class=\"elementor-field-type-email elementor-field-group elementor-column elementor-field-group-field_16f86b5 elementor-col-100 elementor-field-required\">\n\t\t\t\t\t\t\t\t\t\t\t\t<label for=\"form-field-field_16f86b5\" class=\"elementor-field-label elementor-screen-only\">\n\t\t\t\t\t\t\t\tEmail\t\t\t\t\t\t\t<\/label>\n\t\t\t\t\t\t\t\t\t\t\t\t\t\t<input size=\"1\" type=\"email\" name=\"form_fields[field_16f86b5]\" id=\"form-field-field_16f86b5\" class=\"elementor-field elementor-size-sm  elementor-field-textual\" placeholder=\"Email\" required=\"required\">\n\t\t\t\t\t\t\t\t\t\t\t<\/div>\n\t\t\t\t\t\t\t\t<div class=\"elementor-field-type-text elementor-field-group elementor-column elementor-field-group-field_64fddf6 elementor-col-100 elementor-field-required\">\n\t\t\t\t\t\t\t\t\t\t\t\t<label for=\"form-field-field_64fddf6\" class=\"elementor-field-label elementor-screen-only\">\n\t\t\t\t\t\t\t\tAssunto\t\t\t\t\t\t\t<\/label>\n\t\t\t\t\t\t\t\t\t\t\t\t\t\t<input size=\"1\" type=\"text\" name=\"form_fields[field_64fddf6]\" id=\"form-field-field_64fddf6\" class=\"elementor-field elementor-size-sm  elementor-field-textual\" placeholder=\"Assunto\" required=\"required\">\n\t\t\t\t\t\t\t\t\t\t\t<\/div>\n\t\t\t\t\t\t\t\t<div class=\"elementor-field-type-textarea elementor-field-group elementor-column elementor-field-group-message elementor-col-100\">\n\t\t\t\t\t\t\t\t\t\t\t\t<label for=\"form-field-message\" class=\"elementor-field-label elementor-screen-only\">\n\t\t\t\t\t\t\t\tConte-nos o seu problema de forma resumida...\t\t\t\t\t\t\t<\/label>\n\t\t\t\t\t\t<textarea class=\"elementor-field-textual elementor-field  elementor-size-sm\" name=\"form_fields[message]\" id=\"form-field-message\" rows=\"4\" placeholder=\"Conte-nos o seu problema de forma resumida...\"><\/textarea>\t\t\t\t<\/div>\n\t\t\t\t\t\t\t\t<div class=\"elementor-field-group elementor-column elementor-field-type-submit elementor-col-100 e-form__buttons\">\n\t\t\t\t\t<button class=\"elementor-button elementor-size-sm\" type=\"submit\">\n\t\t\t\t\t\t<span class=\"elementor-button-content-wrapper\">\n\t\t\t\t\t\t\t\t\t\t\t\t\t\t\t\t\t\t\t\t\t\t<span class=\"elementor-button-text\">Enviar<\/span>\n\t\t\t\t\t\t\t\t\t\t\t\t\t<\/span>\n\t\t\t\t\t<\/button>\n\t\t\t\t<\/div>\n\t\t\t<\/div>\n\t\t<\/form>\n\t\t\t\t\t\t<\/div>\n\t\t\t\t<\/div>\n\t\t\t\t\t<\/div>\n\t\t<\/div>\n\t\t\t\t\t<\/div>\n\t\t<\/section>\n\t\t\t\t\t<\/div>\n\t\t<\/div>\n\t\t\t\t<div class=\"elementor-column elementor-col-50 elementor-top-column elementor-element elementor-element-28eb3b6b elementor-invisible\" data-id=\"28eb3b6b\" data-element_type=\"column\" data-settings=\"{&quot;animation&quot;:&quot;fadeInRight&quot;}\">\n\t\t\t<div class=\"elementor-widget-wrap elementor-element-populated\">\n\t\t\t\t\t\t<section class=\"elementor-section elementor-inner-section elementor-element elementor-element-ab5ba01 elementor-section-content-bottom elementor-hidden-mobile elementor-section-boxed elementor-section-height-default elementor-section-height-default\" data-id=\"ab5ba01\" data-element_type=\"section\">\n\t\t\t\t\t\t<div class=\"elementor-container elementor-column-gap-no\">\n\t\t\t\t\t<div class=\"elementor-column elementor-col-100 elementor-inner-column elementor-element elementor-element-1b020572\" data-id=\"1b020572\" data-element_type=\"column\">\n\t\t\t<div class=\"elementor-widget-wrap elementor-element-populated\">\n\t\t\t\t\t\t<div class=\"elementor-element elementor-element-5dae9b7d elementor-widget elementor-widget-image\" data-id=\"5dae9b7d\" data-element_type=\"widget\" data-widget_type=\"image.default\">\n\t\t\t\t<div class=\"elementor-widget-container\">\n\t\t\t\t\t\t\t\t\t\t\t\t\t\t\t<img decoding=\"async\" width=\"96\" height=\"70\" src=\"https:\/\/camaraimediatto.com.br\/2023\/wp-content\/uploads\/2023\/05\/dot-blue.png\" class=\"attachment-large size-large wp-image-49\" alt=\"\" \/>\t\t\t\t\t\t\t\t\t\t\t\t\t\t\t<\/div>\n\t\t\t\t<\/div>\n\t\t\t\t\t<\/div>\n\t\t<\/div>\n\t\t\t\t\t<\/div>\n\t\t<\/section>\n\t\t\t\t<div class=\"elementor-element elementor-element-3dd6e55b elementor-widget elementor-widget-image\" data-id=\"3dd6e55b\" data-element_type=\"widget\" data-widget_type=\"image.default\">\n\t\t\t\t<div class=\"elementor-widget-container\">\n\t\t\t\t\t\t\t\t\t\t\t\t\t\t\t<img fetchpriority=\"high\" decoding=\"async\" width=\"635\" height=\"499\" src=\"https:\/\/camaraimediatto.com.br\/2023\/wp-content\/uploads\/2023\/05\/B6RBYKE-min.jpg\" class=\"attachment-full size-full wp-image-50\" alt=\"\" srcset=\"https:\/\/camaraimediatto.com.br\/2023\/wp-content\/uploads\/2023\/05\/B6RBYKE-min.jpg 635w, https:\/\/camaraimediatto.com.br\/2023\/wp-content\/uploads\/2023\/05\/B6RBYKE-min-300x236.jpg 300w\" sizes=\"(max-width: 635px) 100vw, 635px\" \/>\t\t\t\t\t\t\t\t\t\t\t\t\t\t\t<\/div>\n\t\t\t\t<\/div>\n\t\t\t\t\t<\/div>\n\t\t<\/div>\n\t\t\t\t\t<\/div>\n\t\t<\/section>\n\t\t\t\t<\/div>\n\t\t","protected":false},"excerpt":{"rendered":"<p>[ Servi\u00e7os ] Home [ Concilia\u00e7\u00e3o ] Indicada nos casos de: Direito do consumidor Conflitos entre vizinhos Assim como a MEDIA\u00c7\u00c3O, tamb\u00e9m pode ser utilizada nos casos ocorridos na: ESFERA EMPRESARIAL (dentro da empresa ou da organiza\u00e7\u00e3o empresarial): \u2013 Entre empregado e empregador; \u2013 Entre os pr\u00f3prios empregados; \u2013 Entre colaboradores; \u2013 Entre s\u00f3cios; \u2013 [&hellip;]<\/p>\n","protected":false},"author":1,"featured_media":0,"parent":0,"menu_order":0,"comment_status":"closed","ping_status":"closed","template":"elementor_header_footer","meta":{"footnotes":""},"class_list":["post-384","page","type-page","status-publish","hentry"],"_links":{"self":[{"href":"https:\/\/camaraimediatto.com.br\/2023\/wp-json\/wp\/v2\/pages\/384","targetHints":{"allow":["GET"]}}],"collection":[{"href":"https:\/\/camaraimediatto.com.br\/2023\/wp-json\/wp\/v2\/pages"}],"about":[{"href":"https:\/\/camaraimediatto.com.br\/2023\/wp-json\/wp\/v2\/types\/page"}],"author":[{"embeddable":true,"href":"https:\/\/camaraimediatto.com.br\/2023\/wp-json\/wp\/v2\/users\/1"}],"replies":[{"embeddable":true,"href":"https:\/\/camaraimediatto.com.br\/2023\/wp-json\/wp\/v2\/comments?post=384"}],"version-history":[{"count":10,"href":"https:\/\/camaraimediatto.com.br\/2023\/wp-json\/wp\/v2\/pages\/384\/revisions"}],"predecessor-version":[{"id":513,"href":"https:\/\/camaraimediatto.com.br\/2023\/wp-json\/wp\/v2\/pages\/384\/revisions\/513"}],"wp:attachment":[{"href":"https:\/\/camaraimediatto.com.br\/2023\/wp-json\/wp\/v2\/media?parent=384"}],"curies":[{"name":"wp","href":"https:\/\/api.w.org\/{rel}","templated":true}]}}