{"id":403,"date":"2023-06-05T17:55:50","date_gmt":"2023-06-05T20:55:50","guid":{"rendered":"https:\/\/camaraimediatto.com.br\/2023\/?page_id=403"},"modified":"2023-06-06T10:50:55","modified_gmt":"2023-06-06T13:50:55","slug":"codigo-de-etica","status":"publish","type":"page","link":"https:\/\/camaraimediatto.com.br\/2023\/codigo-de-etica\/","title":{"rendered":"C\u00f3digo de \u00c9tica"},"content":{"rendered":"\t\t<div data-elementor-type=\"wp-page\" data-elementor-id=\"403\" class=\"elementor elementor-403\" data-elementor-post-type=\"page\">\n\t\t\t\t\t\t<section class=\"elementor-section elementor-top-section elementor-element elementor-element-3c51d309 elementor-section-full_width elementor-section-height-default elementor-section-height-default\" data-id=\"3c51d309\" data-element_type=\"section\">\n\t\t\t\t\t\t<div class=\"elementor-container elementor-column-gap-default\">\n\t\t\t\t\t<div class=\"elementor-column elementor-col-100 elementor-top-column elementor-element elementor-element-32ca6307\" data-id=\"32ca6307\" data-element_type=\"column\">\n\t\t\t<div class=\"elementor-widget-wrap\">\n\t\t\t\t\t\t\t<\/div>\n\t\t<\/div>\n\t\t\t\t\t<\/div>\n\t\t<\/section>\n\t\t\t\t<section class=\"elementor-section elementor-top-section elementor-element elementor-element-4c4e6fad elementor-section-content-middle elementor-section-boxed elementor-section-height-default elementor-section-height-default\" data-id=\"4c4e6fad\" data-element_type=\"section\" data-settings=\"{&quot;background_background&quot;:&quot;classic&quot;}\">\n\t\t\t\t\t\t\t<div class=\"elementor-background-overlay\"><\/div>\n\t\t\t\t\t\t\t<div class=\"elementor-container elementor-column-gap-no\">\n\t\t\t\t\t<div class=\"elementor-column elementor-col-100 elementor-top-column elementor-element elementor-element-1fcbec4e elementor-invisible\" data-id=\"1fcbec4e\" data-element_type=\"column\" data-settings=\"{&quot;animation&quot;:&quot;fadeInUp&quot;}\">\n\t\t\t<div class=\"elementor-widget-wrap elementor-element-populated\">\n\t\t\t\t\t\t<div class=\"elementor-element elementor-element-5452a444 elementor-widget elementor-widget-heading\" data-id=\"5452a444\" data-element_type=\"widget\" data-widget_type=\"heading.default\">\n\t\t\t\t<div class=\"elementor-widget-container\">\n\t\t\t\t\t<span class=\"elementor-heading-title elementor-size-default\">[ camara imediatto ]<\/span>\t\t\t\t<\/div>\n\t\t\t\t<\/div>\n\t\t\t\t<div class=\"elementor-element elementor-element-ce65667 elementor-icon-list--layout-inline elementor-list-item-link-full_width elementor-widget elementor-widget-icon-list\" data-id=\"ce65667\" data-element_type=\"widget\" data-widget_type=\"icon-list.default\">\n\t\t\t\t<div class=\"elementor-widget-container\">\n\t\t\t\t\t\t\t<ul class=\"elementor-icon-list-items elementor-inline-items\">\n\t\t\t\t\t\t\t<li class=\"elementor-icon-list-item elementor-inline-item\">\n\t\t\t\t\t\t\t\t\t\t\t<a href=\"#\">\n\n\t\t\t\t\t\t\t\t\t\t\t<span class=\"elementor-icon-list-text\">Home<\/span>\n\t\t\t\t\t\t\t\t\t\t\t<\/a>\n\t\t\t\t\t\t\t\t\t<\/li>\n\t\t\t\t\t\t\t\t<li class=\"elementor-icon-list-item elementor-inline-item\">\n\t\t\t\t\t\t\t\t\t\t\t<span class=\"elementor-icon-list-icon\">\n\t\t\t\t\t\t\t<i aria-hidden=\"true\" class=\"fas fa-angle-right\"><\/i>\t\t\t\t\t\t<\/span>\n\t\t\t\t\t\t\t\t\t\t<span class=\"elementor-icon-list-text\"><\/span>\n\t\t\t\t\t\t\t\t\t<\/li>\n\t\t\t\t\t\t<\/ul>\n\t\t\t\t\t\t<\/div>\n\t\t\t\t<\/div>\n\t\t\t\t\t<\/div>\n\t\t<\/div>\n\t\t\t\t\t<\/div>\n\t\t<\/section>\n\t\t\t\t<section class=\"elementor-section elementor-top-section elementor-element elementor-element-7fa6966 elementor-section-boxed elementor-section-height-default elementor-section-height-default\" data-id=\"7fa6966\" data-element_type=\"section\">\n\t\t\t\t\t\t<div class=\"elementor-container elementor-column-gap-no\">\n\t\t\t\t\t<div class=\"elementor-column elementor-col-100 elementor-top-column elementor-element elementor-element-60b765d1\" data-id=\"60b765d1\" data-element_type=\"column\">\n\t\t\t<div class=\"elementor-widget-wrap elementor-element-populated\">\n\t\t\t\t\t\t<section class=\"elementor-section elementor-inner-section elementor-element elementor-element-4070337a elementor-section-boxed elementor-section-height-default elementor-section-height-default elementor-invisible\" data-id=\"4070337a\" data-element_type=\"section\" data-settings=\"{&quot;animation&quot;:&quot;fadeInUp&quot;}\">\n\t\t\t\t\t\t<div class=\"elementor-container elementor-column-gap-no\">\n\t\t\t\t\t<div class=\"elementor-column elementor-col-100 elementor-inner-column elementor-element elementor-element-6264cf37\" data-id=\"6264cf37\" data-element_type=\"column\">\n\t\t\t<div class=\"elementor-widget-wrap elementor-element-populated\">\n\t\t\t\t\t\t<div class=\"elementor-element elementor-element-3f33c171 elementor-widget elementor-widget-heading\" data-id=\"3f33c171\" data-element_type=\"widget\" data-widget_type=\"heading.default\">\n\t\t\t\t<div class=\"elementor-widget-container\">\n\t\t\t\t\t<span class=\"elementor-heading-title elementor-size-default\">[ camara imediatto ]<\/span>\t\t\t\t<\/div>\n\t\t\t\t<\/div>\n\t\t\t\t\t<\/div>\n\t\t<\/div>\n\t\t\t\t\t<\/div>\n\t\t<\/section>\n\t\t\t\t<section class=\"elementor-section elementor-inner-section elementor-element elementor-element-52de0225 elementor-section-boxed elementor-section-height-default elementor-section-height-default elementor-invisible\" data-id=\"52de0225\" data-element_type=\"section\" data-settings=\"{&quot;animation&quot;:&quot;fadeInUp&quot;}\">\n\t\t\t\t\t\t<div class=\"elementor-container elementor-column-gap-no\">\n\t\t\t\t\t<div class=\"elementor-column elementor-col-100 elementor-inner-column elementor-element elementor-element-4f7fa844\" data-id=\"4f7fa844\" data-element_type=\"column\" data-settings=\"{&quot;background_background&quot;:&quot;classic&quot;}\">\n\t\t\t<div class=\"elementor-widget-wrap elementor-element-populated\">\n\t\t\t\t\t\t<div class=\"elementor-element elementor-element-6edb305b elementor-widget elementor-widget-heading\" data-id=\"6edb305b\" data-element_type=\"widget\" data-widget_type=\"heading.default\">\n\t\t\t\t<div class=\"elementor-widget-container\">\n\t\t\t\t\t<span class=\"elementor-heading-title elementor-size-default\"><b>A METODOLOGIA<\/b>\n<br><br>\nA metodologia utilizada pelos parceiros da <b>IMEDIATTO<\/b>, permite que planejamento, a\u00e7\u00e3o e resultado, sejam desenvolvidas de forma que o manejo do processo se torne mais agrad\u00e1vel, din\u00e2mico e participativo para os envolvidos, e, sua finaliza\u00e7\u00e3o mais \u00e1gil.\n<br><br>\nPreocupada sempre em respeitar a autonomia da vontade e primando pela qualidade no servi\u00e7o oferecido, somente ap\u00f3s a pr\u00e9via manifesta\u00e7\u00e3o do cliente em participar de um processo para resolver o conflito, a <b>IMEDIATTO<\/b> prepara sua estrat\u00e9gia pautada nos padr\u00f5es estabelecidos no seu C\u00f3digo de \u00c9tica e disciplina para proporcionar a satisfa\u00e7\u00e3o no atendimento.<\/span>\t\t\t\t<\/div>\n\t\t\t\t<\/div>\n\t\t\t\t\t<\/div>\n\t\t<\/div>\n\t\t\t\t\t<\/div>\n\t\t<\/section>\n\t\t\t\t\t<\/div>\n\t\t<\/div>\n\t\t\t\t\t<\/div>\n\t\t<\/section>\n\t\t\t\t<\/div>\n\t\t","protected":false},"excerpt":{"rendered":"<p>[ camara imediatto ] Home [ camara imediatto ] A METODOLOGIA A metodologia utilizada pelos parceiros da IMEDIATTO, permite que planejamento, a\u00e7\u00e3o e resultado, sejam desenvolvidas de forma que o manejo do processo se torne mais agrad\u00e1vel, din\u00e2mico e participativo para os envolvidos, e, sua finaliza\u00e7\u00e3o mais \u00e1gil. Preocupada sempre em respeitar a autonomia da [&hellip;]<\/p>\n","protected":false},"author":1,"featured_media":0,"parent":0,"menu_order":0,"comment_status":"closed","ping_status":"closed","template":"elementor_header_footer","meta":{"footnotes":""},"class_list":["post-403","page","type-page","status-publish","hentry"],"_links":{"self":[{"href":"https:\/\/camaraimediatto.com.br\/2023\/wp-json\/wp\/v2\/pages\/403","targetHints":{"allow":["GET"]}}],"collection":[{"href":"https:\/\/camaraimediatto.com.br\/2023\/wp-json\/wp\/v2\/pages"}],"about":[{"href":"https:\/\/camaraimediatto.com.br\/2023\/wp-json\/wp\/v2\/types\/page"}],"author":[{"embeddable":true,"href":"https:\/\/camaraimediatto.com.br\/2023\/wp-json\/wp\/v2\/users\/1"}],"replies":[{"embeddable":true,"href":"https:\/\/camaraimediatto.com.br\/2023\/wp-json\/wp\/v2\/comments?post=403"}],"version-history":[{"count":12,"href":"https:\/\/camaraimediatto.com.br\/2023\/wp-json\/wp\/v2\/pages\/403\/revisions"}],"predecessor-version":[{"id":476,"href":"https:\/\/camaraimediatto.com.br\/2023\/wp-json\/wp\/v2\/pages\/403\/revisions\/476"}],"wp:attachment":[{"href":"https:\/\/camaraimediatto.com.br\/2023\/wp-json\/wp\/v2\/media?parent=403"}],"curies":[{"name":"wp","href":"https:\/\/api.w.org\/{rel}","templated":true}]}}