{"id":414,"date":"2023-06-05T18:01:02","date_gmt":"2023-06-05T21:01:02","guid":{"rendered":"https:\/\/camaraimediatto.com.br\/2023\/?page_id=414"},"modified":"2023-06-06T10:50:38","modified_gmt":"2023-06-06T13:50:38","slug":"regulamentacao","status":"publish","type":"page","link":"https:\/\/camaraimediatto.com.br\/2023\/regulamentacao\/","title":{"rendered":"Regulamenta\u00e7\u00e3o"},"content":{"rendered":"\t\t<div data-elementor-type=\"wp-page\" data-elementor-id=\"414\" class=\"elementor elementor-414\" data-elementor-post-type=\"page\">\n\t\t\t\t\t\t<section class=\"elementor-section elementor-top-section elementor-element elementor-element-3c51d309 elementor-section-full_width elementor-section-height-default elementor-section-height-default\" data-id=\"3c51d309\" data-element_type=\"section\">\n\t\t\t\t\t\t<div class=\"elementor-container elementor-column-gap-default\">\n\t\t\t\t\t<div class=\"elementor-column elementor-col-100 elementor-top-column elementor-element elementor-element-32ca6307\" data-id=\"32ca6307\" data-element_type=\"column\">\n\t\t\t<div class=\"elementor-widget-wrap\">\n\t\t\t\t\t\t\t<\/div>\n\t\t<\/div>\n\t\t\t\t\t<\/div>\n\t\t<\/section>\n\t\t\t\t<section class=\"elementor-section elementor-top-section elementor-element elementor-element-4c4e6fad elementor-section-content-middle elementor-section-boxed elementor-section-height-default elementor-section-height-default\" data-id=\"4c4e6fad\" data-element_type=\"section\" data-settings=\"{&quot;background_background&quot;:&quot;classic&quot;}\">\n\t\t\t\t\t\t\t<div class=\"elementor-background-overlay\"><\/div>\n\t\t\t\t\t\t\t<div class=\"elementor-container elementor-column-gap-no\">\n\t\t\t\t\t<div class=\"elementor-column elementor-col-100 elementor-top-column elementor-element elementor-element-1fcbec4e elementor-invisible\" data-id=\"1fcbec4e\" data-element_type=\"column\" data-settings=\"{&quot;animation&quot;:&quot;fadeInUp&quot;}\">\n\t\t\t<div class=\"elementor-widget-wrap elementor-element-populated\">\n\t\t\t\t\t\t<div class=\"elementor-element elementor-element-5452a444 elementor-widget elementor-widget-heading\" data-id=\"5452a444\" data-element_type=\"widget\" data-widget_type=\"heading.default\">\n\t\t\t\t<div class=\"elementor-widget-container\">\n\t\t\t\t\t<span class=\"elementor-heading-title elementor-size-default\">[ camara imediatto ]<\/span>\t\t\t\t<\/div>\n\t\t\t\t<\/div>\n\t\t\t\t<div class=\"elementor-element elementor-element-ce65667 elementor-icon-list--layout-inline elementor-list-item-link-full_width elementor-widget elementor-widget-icon-list\" data-id=\"ce65667\" data-element_type=\"widget\" data-widget_type=\"icon-list.default\">\n\t\t\t\t<div class=\"elementor-widget-container\">\n\t\t\t\t\t\t\t<ul class=\"elementor-icon-list-items elementor-inline-items\">\n\t\t\t\t\t\t\t<li class=\"elementor-icon-list-item elementor-inline-item\">\n\t\t\t\t\t\t\t\t\t\t\t<a href=\"#\">\n\n\t\t\t\t\t\t\t\t\t\t\t<span class=\"elementor-icon-list-text\">Home<\/span>\n\t\t\t\t\t\t\t\t\t\t\t<\/a>\n\t\t\t\t\t\t\t\t\t<\/li>\n\t\t\t\t\t\t\t\t<li class=\"elementor-icon-list-item elementor-inline-item\">\n\t\t\t\t\t\t\t\t\t\t\t<span class=\"elementor-icon-list-icon\">\n\t\t\t\t\t\t\t<i aria-hidden=\"true\" class=\"fas fa-angle-right\"><\/i>\t\t\t\t\t\t<\/span>\n\t\t\t\t\t\t\t\t\t\t<span class=\"elementor-icon-list-text\"><\/span>\n\t\t\t\t\t\t\t\t\t<\/li>\n\t\t\t\t\t\t<\/ul>\n\t\t\t\t\t\t<\/div>\n\t\t\t\t<\/div>\n\t\t\t\t\t<\/div>\n\t\t<\/div>\n\t\t\t\t\t<\/div>\n\t\t<\/section>\n\t\t\t\t<section class=\"elementor-section elementor-top-section elementor-element elementor-element-7fa6966 elementor-section-boxed elementor-section-height-default elementor-section-height-default\" data-id=\"7fa6966\" data-element_type=\"section\">\n\t\t\t\t\t\t<div class=\"elementor-container elementor-column-gap-no\">\n\t\t\t\t\t<div class=\"elementor-column elementor-col-100 elementor-top-column elementor-element elementor-element-60b765d1\" data-id=\"60b765d1\" data-element_type=\"column\">\n\t\t\t<div class=\"elementor-widget-wrap elementor-element-populated\">\n\t\t\t\t\t\t<section class=\"elementor-section elementor-inner-section elementor-element elementor-element-4070337a elementor-section-boxed elementor-section-height-default elementor-section-height-default elementor-invisible\" data-id=\"4070337a\" data-element_type=\"section\" data-settings=\"{&quot;animation&quot;:&quot;fadeInUp&quot;}\">\n\t\t\t\t\t\t<div class=\"elementor-container elementor-column-gap-no\">\n\t\t\t\t\t<div class=\"elementor-column elementor-col-100 elementor-inner-column elementor-element elementor-element-6264cf37\" data-id=\"6264cf37\" data-element_type=\"column\">\n\t\t\t<div class=\"elementor-widget-wrap elementor-element-populated\">\n\t\t\t\t\t\t<div class=\"elementor-element elementor-element-3f33c171 elementor-widget elementor-widget-heading\" data-id=\"3f33c171\" data-element_type=\"widget\" data-widget_type=\"heading.default\">\n\t\t\t\t<div class=\"elementor-widget-container\">\n\t\t\t\t\t<span class=\"elementor-heading-title elementor-size-default\">[ camara imediatto ]<\/span>\t\t\t\t<\/div>\n\t\t\t\t<\/div>\n\t\t\t\t\t<\/div>\n\t\t<\/div>\n\t\t\t\t\t<\/div>\n\t\t<\/section>\n\t\t\t\t<section class=\"elementor-section elementor-inner-section elementor-element elementor-element-52de0225 elementor-section-boxed elementor-section-height-default elementor-section-height-default elementor-invisible\" data-id=\"52de0225\" data-element_type=\"section\" data-settings=\"{&quot;animation&quot;:&quot;fadeInUp&quot;}\">\n\t\t\t\t\t\t<div class=\"elementor-container elementor-column-gap-no\">\n\t\t\t\t\t<div class=\"elementor-column elementor-col-100 elementor-inner-column elementor-element elementor-element-4f7fa844\" data-id=\"4f7fa844\" data-element_type=\"column\" data-settings=\"{&quot;background_background&quot;:&quot;classic&quot;}\">\n\t\t\t<div class=\"elementor-widget-wrap elementor-element-populated\">\n\t\t\t\t\t\t<div class=\"elementor-element elementor-element-6edb305b elementor-widget elementor-widget-heading\" data-id=\"6edb305b\" data-element_type=\"widget\" data-widget_type=\"heading.default\">\n\t\t\t\t<div class=\"elementor-widget-container\">\n\t\t\t\t\t<span class=\"elementor-heading-title elementor-size-default\"><b>INTRODU\u00c7\u00c3O<\/b>\n<br><br>\nDa Cl\u00e1usula Compromiss\u00f3ria\n<br><br>\nA cl\u00e1usula compromiss\u00f3ria recomendada pela C\u00e2mara <b>IMEDIATTO<\/b>, segue o seguinte modelo:\n<br><br>\n\u201cQualquer lit\u00edgio originado do presente contrato ser\u00e1 definitivamente resolvido por arbitragem, de acordo com o Regulamento de Arbitragem da C\u00e2mara <b>IMEDIATTO<\/b> por um \u00e1rbitro nomeado em conformidade com o presente Regulamento.\u201d\n<br><br>\nARTIGO 1\u00ba\n<br><br>\n<b>DA ARBITRAGEM NA C\u00c2MARA IMEDIATTO<\/b>\n<br><br>\nAs partes, por meio de conven\u00e7\u00e3o de arbitragem, ao avan\u00e7arem submeter \u00e0 arbitragem qualquer lit\u00edgio \u00e0 C\u00e2mara <b>IMEDIATTO<\/b> doravante denominada de C\u00e2mara Arbitral, concordam e ficam vinculadas ao presente Regulamento de Arbitragem e \u00e0s Normas de Funcionamento contidas nesse regulamento.\n<br><br>\nPar\u00e1grafo 1*\n<br><br>\nO presente Regulamento consiste em uma exposi\u00e7\u00e3o simplificada do Regulamento de Arbitragem da C\u00e2mara <b>IMEDIATTO<\/b>, e objetiva oferecer procedimento mais c\u00e9lere de solu\u00e7\u00e3o de lit\u00edgios.\n<br><br>\nPar\u00e1grafo 2*\n<br><br>\nQualquer altera\u00e7\u00e3o ao presente Regulamento dever\u00e1 ser acordada pelas partes, sendo sua aplicabilidade e efic\u00e1cia exclusivamente ao caso em apre\u00e7o.\n<br><br>\nPar\u00e1grafo 3*\n<br><br>\nA C\u00e2mara <b>IMEDIATTO<\/b> n\u00e3o decide por si mesmo os lit\u00edgios que lhe forem submetidos. A sua fun\u00e7\u00e3o \u00e9 assegurar a observ\u00e2ncia desse Regulamento no procedimento arbitral.\n<br><br>\nPar\u00e1grafo 4*\n<br><br>\nA sede da C\u00e2mara <b>IMEDIATTO<\/b> \u00e9 na Cidade de Florian\u00f3polis, Munic\u00edpio de Palho\u00e7a.\n<br><br>\nARTIGO 2\u00ba\n<br><br>\n<b>DA INSTITUI\u00c7\u00c3O DA ARBITRAGEM<\/b>\n<br><br>\nA parte demandante deve apresentar um contrato ou um documento separado que contenha a conven\u00e7\u00e3o arbitral prevendo a compet\u00eancia da C\u00e2mara <b>IMEDIATTO<\/b> para dirimir conflitos solucion\u00e1veis por arbitragem.\n<br><br>\nPar\u00e1grafo 1*\n<br><br>\nDe posse desse documento ou contrato, a parte demandante dever\u00e1 notificar a C\u00e2mara <b>IMEDIATTO<\/b> sobre sua inten\u00e7\u00e3o de instituir a arbitragem, anexando neste ato, c\u00f3pia do contrato do qual resulta o lit\u00edgio ou que a ele esteja relacionado, informando:\n<br><br>\nI \u2013 O nome, qualifica\u00e7\u00e3o e endere\u00e7o das partes, e, se houver, os respectivos n\u00fameros de telefone e correio eletr\u00f4nico;\n<br><br>\nII \u2013 A indica\u00e7\u00e3o da exist\u00eancia da cl\u00e1usula compromiss\u00f3ria no contrato oriundo da controv\u00e9rsia;\n<br><br>\nIII \u2013 A mat\u00e9ria que ser\u00e1 objeto da arbitragem;\n<br><br>\nIV \u2013 O valor real ou estimado da demanda;\n<br><br>\nPar\u00e1grafo 2*\n<br><br>\nAs alega\u00e7\u00f5es da notifica\u00e7\u00e3o da parte demandante \u00e0 C\u00e2mara <b>IMEDIATTO<\/b>, dever\u00e3o ser apresentadas por escrito, em 03 (tr\u00eas) vias, acompanhadas de todos os documentos com os quais pretende comprovar o alegado, incluindo, se for o caso, parecer t\u00e9cnico de perito e declara\u00e7\u00e3o de testemunha, prestada por instrumento p\u00fablico.\n<br><br>\nPar\u00e1grafo 3*\n<br><br>\nNa Notifica\u00e7\u00e3o de Arbitragem na C\u00e2mara <b>IMEDIATTO<\/b>, al\u00e9m dos documentos acima indicados, a parte demandante dever\u00e1 anexar o comprovante de pagamento da Taxa de Registro.\n<br><br>\nI.O valor da Taxa de Registro segue a Tabela de Custas e Honor\u00e1rios da C\u00e2mara <b>IMEDIATTO<\/b>.\n<br><br>\nPar\u00e1grafo 4*\n<br><br>\nA C\u00e2mara <b>IMEDIATTO<\/b> enviar\u00e1 c\u00f3pia da notifica\u00e7\u00e3o recebida \u00e0 parte demandada, acompanhada com c\u00f3pia dos documentos que foram anexados pela parte demandada.\n<br><br>\nI.A C\u00e2mara <b>IMEDIATTO<\/b> enviar\u00e1 convite para que a parte demandada apresente suas alega\u00e7\u00f5es por escrito em tr\u00eas vias, acompanhadas de todos os documentos que comprovem seu alegado, incluindo, se for o caso, parecer t\u00e9cnico de perito e declara\u00e7\u00e3o de testemunha por instrumento p\u00fablico, no prazo de 15 (quinze) dias.\n<br><br>\nPar\u00e1grafo 5\n<br><br>\nFindo o prazo de 15 dias, com ou sem manifesta\u00e7\u00e3o da parte demandada, ser\u00e3o as partes convocadas para, em data, hora e local fixados pela C\u00e2mara <b>IMEDIATTO<\/b>, instituir a arbitragem, elaborando-se o TERMO DE ARBITRAGEM inserido no ARTIGO 3\u00ba.\n<br><br>\nPar\u00e1grafo 6*\n<br><br>\nSe uma das partes n\u00e3o tiver respondido a notifica\u00e7\u00e3o ou deixar de atender a convoca\u00e7\u00e3o de que trata o artigo 2*, par\u00e1grafo 5*, ou, ainda, por qualquer motivo, recusar-se a participar da arbitragem, esta ser\u00e1 regularmente institu\u00edda para normal prosseguimento, fazendo-se constar a ocorr\u00eancia no TERMO DE ARBITRAGEM do artigo 3*.\n<br><br>\nPar\u00e1grafo 7*\n<br><br>\nA arbitragem institu\u00edda e processada de acordo com o presente Regulamento consistir\u00e1 em apenas 1 (um) \u00e1rbitro que ser\u00e1 indicado pela C\u00e2mara <b>IMEDIATTO<\/b>, caso as partes n\u00e3o tenham acordado na indica\u00e7\u00e3o\/nomea\u00e7\u00e3o do \u00e1rbitro \u00fanico.\n<br><br>\nPar\u00e1grafo 8*\n<br><br>\nO \u00e1rbitro indicado\/nomeado dever\u00e1 revelar qualquer fato que denote d\u00favida justificada quanto \u00e0 sua imparcialidade e independ\u00eancia. A decis\u00e3o quanto a eventual recusa do \u00e1rbitro ser\u00e1 tomada pelo Presidente da C\u00e2mara <b>IMEDIATTO<\/b>.\n<br><br>\nPar\u00e1grafo 9*\n<br><br>\nO \u00e1rbitro, no desempenho de sua fun\u00e7\u00e3o, dever\u00e1 ser e se manter independente, imparcial, competente, diligente e discreto, respeitando o contido na conven\u00e7\u00e3o de arbitragem, no presente Regulamento e no C\u00f3digo de \u00c9tica adotado pela C\u00e2mara <b>IMEDIATTO<\/b>.\n<br><br>\nPar\u00e1grafo 10*\n<br><br>\nSe o \u00e1rbitro indicado\/nomeado vier a falecer, renunciar ou tiver a sua recusa aceita, e, n\u00e3o havendo na conven\u00e7\u00e3o de arbitragem men\u00e7\u00e3o a \u00e1rbitro substituto, o Presidente da C\u00e2mara <b>IMEDIATTO<\/b>, indicar\u00e1, no prazo de 10 (dez) dias o respectivo substituto.\n<br><br>\nARTIGO 3\u00ba\n<br><br>\n<b>DO TERMO DE ARBITRAGEM<\/b>\n<br><br>\nPar\u00e1grafo 1*\n<br><br>\nNa data, local e hora previamente fixados, e, n\u00e3o tendo sido firmado anteriormente pelas partes, a C\u00e2mara <b>IMEDIATTO<\/b> com a assist\u00eancia das partes e\/ou seus procuradores ou advogados, elaborar\u00e1 o TERMO DE ARBITRAGEM, o qual conter\u00e1:\n<br><br>\nI \u2013 O nome, qualifica\u00e7\u00e3o e endere\u00e7o das partes, bem como dos seus respectivos procuradores ou advogados, se houver;\n<br><br>\nII \u2013 O nome e qualifica\u00e7\u00e3o do \u00e1rbitro;\n<br><br>\nIII \u2013 A mat\u00e9ria que ser\u00e1 objeto da arbitragem, com especifica\u00e7\u00f5es e valor;\n<br><br>\nIV \u2013 A responsabilidade pelo pagamento das custas da arbitragem, observado o contido no ARTIGO 8\u00ba;\n<br><br>\nV \u2013 O lugar em que ser\u00e1 proferida a senten\u00e7a arbitral;\n<br><br>\nVI \u2013 A autoriza\u00e7\u00e3o para que o \u00e1rbitro julgue por equidade ou por regras de direito, se assim for convencionado pelas partes.\n<br><br>\nPar\u00e1grafo 2*\n<br><br>\nAs partes firmar\u00e3o o TERMO DE ARBITRAGEM, o qual ficar\u00e1 arquivado na Secretaria da C\u00e2mara <b>IMEDIATTO<\/b> assinado pelo \u00e1rbitro indicado e por duas testemunhas.\n<br><br>\nPar\u00e1grafo 3*\n<br><br>\nA aus\u00eancia de assinatura de uma das partes envolvidas no lit\u00edgio, n\u00e3o impede o processamento da arbitragem at\u00e9 decis\u00e3o final proferida pelo \u00e1rbitro devidamente nomeado\/indicado, observando-se, no que couber, o disposto no artigo 2*, par\u00e1grafo 6*.\n<br><br>\nARTIGO 4\u00ba\n<br><br>\n<b>DO PROCEDIMENTO ARBITRAL<\/b>\n<br><br>\nPar\u00e1grafo 1*\n<br><br>\nCom a reserva das disposi\u00e7\u00f5es desse Regulamento e da conven\u00e7\u00e3o de arbitragem, o \u00e1rbitro conduzir\u00e1 a arbitragem do modo que lhe aprouver, sempre respeitados os princ\u00edpios do contradit\u00f3rio, da igualdade das partes, da imparcialidade e do livre convencimento.\n<br><br>\nPar\u00e1grafo 2*\n<br><br>\nInstitu\u00edda a arbitragem, o \u00e1rbitro abrir\u00e1, desde logo, prazo de 15 (quinze) dias para que as partes se manifestem sobre as alega\u00e7\u00f5es apresentadas.\n<br><br>\nPar\u00e1grafo 3*\n<br><br>\nDecorrido o prazo do par\u00e1grafo 2*, se o \u00e1rbitro entender necess\u00e1rio esclarecer d\u00favidas, contradi\u00e7\u00f5es ou obscuridades, poder\u00e1 designar uma sess\u00e3o para as partes prestarem esclarecimentos quanto aos fatos e as provas produzidas.\n<br><br>\nPar\u00e1grafo 4*\n<br><br>\nAs partes, entendendo que h\u00e1 quest\u00f5es relevantes a serem esclarecidas, poder\u00e3o solicitar uma sess\u00e3o na apresenta\u00e7\u00e3o das alega\u00e7\u00f5es que trata o artigo 4*, par\u00e1grafo 2*.\n<br><br>\nPar\u00e1grafo 5*\n<br><br>\nO adiamento da audi\u00eancia somente ser\u00e1 concedido se expressamente solicitado, em conjunto, pelas partes ou, por motivo relevante, a crit\u00e9rio do \u00e1rbitro, o qual designar\u00e1, de imediato, nova data para a sua realiza\u00e7\u00e3o.\n<br><br>\nPar\u00e1grafo 6*\n<br><br>\nEncerrada a audi\u00eancia, o \u00e1rbitro poder\u00e1 conceder prazo de 15 (quinze) dias para que as partes ofere\u00e7am suas alega\u00e7\u00f5es finais por escrito. Por\u00e9m, caso haja interesse das partes e, seja conveniente para o \u00e1rbitro, as raz\u00f5es finais poder\u00e3o ser apresentadas oralmente nessa audi\u00eancia.\n<br><br>\nARTIGO 5\u00ba\n<br><br>\n<b>DA SENTEN\u00c7A ARBITRAL<\/b>\n<br><br>\nPar\u00e1grafo 1*\n<br><br>\nAp\u00f3s a apresenta\u00e7\u00e3o das alega\u00e7\u00f5es de que trata o artigo 4.2 ou, se for o caso, das alega\u00e7\u00f5es finais de que trata o artigo 4*, par\u00e1grafo 6*, o \u00e1rbitro proferir\u00e1 a senten\u00e7a no prazo de 20 (vinte) dias.\n<br><br>\nPar\u00e1grafo 2*\n<br><br>\nA senten\u00e7a arbitral conter\u00e1 necessariamente:\n<br><br>\nI \u2013 O relat\u00f3rio do caso, que conter\u00e1 os nomes das partes e um resumo do lit\u00edgio;\n<br><br>\nII \u2013 Os fundamentos da decis\u00e3o, onde ser\u00e3o analisadas as quest\u00f5es de fato e de direito, mencionando-se, expressamente, se o \u00e1rbitro julgou por equidade;\n<br><br>\nIII \u2013 O dispositivo em que o \u00e1rbitro resolver\u00e1 as quest\u00f5es que lhe foram submetidas e estabelecer\u00e1 o prazo para o cumprimento da senten\u00e7a, se for o caso; e\n<br><br>\nIV \u2013 A data e lugar em que foi proferida;\n<br><br>\nPar\u00e1grafo 3*\n<br><br>\nNa senten\u00e7a arbitral constar\u00e1 tamb\u00e9m a fixa\u00e7\u00e3o das custas com a arbitragem, observando o contido na Tabela de Custas e Honor\u00e1rios da C\u00e2mara <b>IMEDIATTO<\/b> bem como o acordado pelas partes na conven\u00e7\u00e3o de arbitragem ou no TERMO DE ARBITRAGEM.\n<br><br>\nPar\u00e1grafo 4*\n<br><br>\nA C\u00e2mara <b>IMEDIATTO<\/b> t\u00e3o logo receba a senten\u00e7a arbitral, entregar\u00e1 para as partes uma c\u00f3pia da decis\u00e3o, podendo ser pessoalmente, por via postal, ou ainda, por outro meio de comunica\u00e7\u00e3o, mediante comprova\u00e7\u00e3o de recebimento,\n<br><br>\nPar\u00e1grafo 5*\n<br><br>\nAs partes ficam obrigadas a cumprir a senten\u00e7a arbitral proferida, respeitando, a forma e prazo nela determinados.\n<br><br>\nPar\u00e1grafo 6*\n<br><br>\nNa hip\u00f3tese de descumprimento da senten\u00e7a arbitral a parte prejudicada poder\u00e1 comunicar o fato \u00e0 C\u00e2mara <b>IMEDIATTO<\/b> para que o divulgue em outras institui\u00e7\u00f5es arbitrais e \u00e0s C\u00e2maras ou entidades an\u00e1logas, no pa\u00eds e no exterior.\n<br><br>\nPar\u00e1grafo 7*\n<br><br>\nA senten\u00e7a arbitral \u00e9 t\u00edtulo executivo judicial, podendo ser executado junto ao Tribunal de Justi\u00e7a em caso de descumprimento pela parte vencida. O advogado da parte vencedora dever\u00e1 tomar as providencias necess\u00e1rias para executar o t\u00edtulo.\n<br><br>\nPar\u00e1grafo 8*\n<br><br>\nN\u00e3o cabe recurso da decis\u00e3o prolatada pelo \u00e1rbitro.\n<br><br>\nPar\u00e1grafo 9*\n<br><br>\nHavendo uma obscuridade, falta de clareza, ou ainda uma omiss\u00e3o sobre algum tema espec\u00edfico abordado no processo e que a senten\u00e7a n\u00e3o tenha mencionado, as partes poder\u00e3o no prazo de cinco dias a contar a do recebimento da notifica\u00e7\u00e3o ou da ci\u00eancia pessoal da senten\u00e7a arbitral, mediante comunica\u00e7\u00e3o \u00e0 outra parte, solicitar ao \u00e1rbitro ou ao tribunal arbitral que corrija qualquer erro material da senten\u00e7a e esclare\u00e7a alguma obscuridade, d\u00favida ou contradi\u00e7\u00e3o da senten\u00e7a proferida, ou se pronuncie sobre ponto omitido a respeito do qual devia manifestar-se a decis\u00e3o.\n<br><br>\nPar\u00e1grafo 10*\n<br><br>\nO \u00e1rbitro ou o tribunal arbitral decidir\u00e1, no prazo de dez dias, aditando a senten\u00e7a arbitral e notificando as partes na forma do art. 29 da Lei de arbitragem.\n<br><br>\nARTIGO 6\u00ba\n<br><br>\n<b>DAS PARTES E DE SEUS PROCURADORES<\/b>\n<br><br>\nPar\u00e1grafo 1*\n<br><br>\nAs partes podem se fazer assistir ou representar por procurador, ou advogado, legalmente constitu\u00eddo por documento procurat\u00f3rio.\n<br><br>\nPar\u00e1grafo 2*\n<br><br>\nExcetuada a manifesta\u00e7\u00e3o expressa contr\u00e1ria da(s) parte(s), todas as comunica\u00e7\u00f5es e notifica\u00e7\u00f5es poder\u00e3o ser efetuadas ao procurador, ou advogado, por ela(s) nomeado que dever\u00e1, por escrito, comunicar \u00e0 C\u00e2mara <b>IMEDIATTO<\/b> o seu endere\u00e7o para tal finalidade.\n<br><br>\nPar\u00e1grafo 3*\n<br><br>\nNa hip\u00f3tese de altera\u00e7\u00e3o do endere\u00e7o para onde devem ser enviadas as notifica\u00e7\u00f5es e\/ou comunica\u00e7\u00f5es, sem que a C\u00e2mara <b>IMEDIATTO<\/b> seja comunicada na forma prevista no item anterior, valer\u00e1 para os fins previstos neste regulamento, todas as notifica\u00e7\u00f5es ou comunica\u00e7\u00f5es encaminhadas para o endere\u00e7o anterior.\n<br><br>\nARTIGO 7\u00ba\n<br><br>\n<b>DAS NOTIFICA\u00c7\u00d5ES, PRAZOS E ENTREGA DE DOCUMENTOS<\/b>\n<br><br>\nPar\u00e1grafo 1*\n<br><br>\nPara todos os efeitos do presente Regulamento, as notifica\u00e7\u00f5es e comunica\u00e7\u00f5es poder\u00e3o efetuadas por carta registrada, via notarial, telegrama, correio eletr\u00f4nico ou meio equivalente, com confirma\u00e7\u00e3o, mediante a remessa dos documentos originais ou c\u00f3pias enviadas por meio de carta registrada ou courier.\n<br><br>\nPar\u00e1grafo 2*\n<br><br>\nA notifica\u00e7\u00e3o ou comunica\u00e7\u00e3o determinar\u00e1 o prazo para cumprimento da provid\u00eancia solicitada, contando-se este por dias corridos, excluindo-se o do come\u00e7o e contando-se o do vencimento, n\u00e3o se interrompendo ou se suspendendo pela ocorr\u00eancia de feriado ou dia de n\u00e3o expediente comercial.\n<br><br>\nPar\u00e1grafo 3*\n<br><br>\nTodo e qualquer documento endere\u00e7ado ao \u00e1rbitro dever\u00e1 ser protocolizado na Secretaria da C\u00e2mara <b>IMEDIATTO<\/b> em 3 (tr\u00eas) vias.\n<br><br>\nARTIGO 8\u00ba\n<br><br>\n<b>DAS CUSTAS DAS ARBITRAGEM<\/b>\n<br><br>\nPar\u00e1grafo 1*\n<br><br>\nA C\u00e2mara <b>IMEDIATTO<\/b> elaborar\u00e1 tabela de custas, honor\u00e1rios dos \u00e1rbitros e demais despesas, estabelecendo o modo e forma dos pagamentos e recolhimentos, dando conhecimento \u00e0s partes.\n<br><br>\nARTIGO 9\u00ba\n<br><br>\n<b>DAS DISPOSI\u00c7\u00d5ES GERAIS E TRANSIT\u00d3RIAS<\/b>\n<br><br>\nPar\u00e1grafo 1*\n<br><br>\nSalvo estipula\u00e7\u00e3o em contr\u00e1rio das partes, aplicar-se-\u00e1 o Regulamento vigente na data da protocoliza\u00e7\u00e3o, na C\u00e2mara <b>IMEDIATTO<\/b> da Notifica\u00e7\u00e3o de Arbitragem.\n<br><br>\nPar\u00e1grafo 2*\n<br><br>\nO procedimento arbitral \u00e9 rigorosamente sigiloso, sendo vedado \u00e0s partes, ao \u00e1rbitro, aos membros da C\u00e2mara <b>IMEDIATTO<\/b> e as pessoas que tenham participado no referido procedimento, divulgar quaisquer informa\u00e7\u00f5es a ele relacionadas.\n<br><br>\nPar\u00e1grafo 3*\n<br><br>\nHavendo interesse das partes e a comprovada autoriza\u00e7\u00e3o por escrito, a C\u00e2mara <b>IMEDIATTO<\/b> poder\u00e1 divulgar a senten\u00e7a arbitral.\n<br><br>\nPar\u00e1grafo 4*\n<br><br>\nDesde que preservada a identidade das partes, poder\u00e1 a C\u00e2mara <b>IMEDIATTO<\/b> publicar, em ement\u00e1rio, fragmentos da senten\u00e7a arbitral.\n<br><br>\nPar\u00e1grafo 5*\n<br><br>\nA C\u00e2mara <b>IMEDIATTO<\/b> poder\u00e1 fornecer a qualquer das partes, mediante solicita\u00e7\u00e3o escrita, e, recolhidas as custas devidas, c\u00f3pias certificadas de documentos relativos ao procedimento arbitral.\n<br><br>\nPar\u00e1grafo 6*\n<br><br>\nInstitu\u00edda a arbitragem, e, verificando-se a exist\u00eancia de lacuna ou obscuridade no presente Regulamento, fica entendido que as partes delegam ao \u00e1rbitro amplos poderes para disciplinar sobre o ponto omisso ou obscuro, podendo aplicar supletivamente o previsto no Regulamento de Arbitragem da C\u00e2mara <b>IMEDIATTO<\/b>.\n<br><br>\nPar\u00e1grafo 7*\n<br><br>\nSe a lacuna ou obscuridade for constatada antes da institui\u00e7\u00e3o da arbitragem, subentende-se que as partes delegam tais poderes ao Presidente da C\u00e2mara <b>IMEDIATTO<\/b>.\n<br><br>\nPar\u00e1grafo 8*\n<br><br>\nA decis\u00e3o ser\u00e1 definitiva em qualquer das hip\u00f3teses.\n<br><br>\nO presente Regulamento passa a vigorar na data de sua publica\u00e7\u00e3o no site www.camaraimediatto.com.br\n<br><br>\nPalho\u00e7a, 02 de agosto de 2021.<\/span>\t\t\t\t<\/div>\n\t\t\t\t<\/div>\n\t\t\t\t\t<\/div>\n\t\t<\/div>\n\t\t\t\t\t<\/div>\n\t\t<\/section>\n\t\t\t\t\t<\/div>\n\t\t<\/div>\n\t\t\t\t\t<\/div>\n\t\t<\/section>\n\t\t\t\t<\/div>\n\t\t","protected":false},"excerpt":{"rendered":"<p>[ camara imediatto ] Home [ camara imediatto ] INTRODU\u00c7\u00c3O Da Cl\u00e1usula Compromiss\u00f3ria A cl\u00e1usula compromiss\u00f3ria recomendada pela C\u00e2mara IMEDIATTO, segue o seguinte modelo: \u201cQualquer lit\u00edgio originado do presente contrato ser\u00e1 definitivamente resolvido por arbitragem, de acordo com o Regulamento de Arbitragem da C\u00e2mara IMEDIATTO por um \u00e1rbitro nomeado em conformidade com o presente Regulamento.\u201d [&hellip;]<\/p>\n","protected":false},"author":1,"featured_media":0,"parent":0,"menu_order":0,"comment_status":"closed","ping_status":"closed","template":"elementor_header_footer","meta":{"footnotes":""},"class_list":["post-414","page","type-page","status-publish","hentry"],"_links":{"self":[{"href":"https:\/\/camaraimediatto.com.br\/2023\/wp-json\/wp\/v2\/pages\/414","targetHints":{"allow":["GET"]}}],"collection":[{"href":"https:\/\/camaraimediatto.com.br\/2023\/wp-json\/wp\/v2\/pages"}],"about":[{"href":"https:\/\/camaraimediatto.com.br\/2023\/wp-json\/wp\/v2\/types\/page"}],"author":[{"embeddable":true,"href":"https:\/\/camaraimediatto.com.br\/2023\/wp-json\/wp\/v2\/users\/1"}],"replies":[{"embeddable":true,"href":"https:\/\/camaraimediatto.com.br\/2023\/wp-json\/wp\/v2\/comments?post=414"}],"version-history":[{"count":10,"href":"https:\/\/camaraimediatto.com.br\/2023\/wp-json\/wp\/v2\/pages\/414\/revisions"}],"predecessor-version":[{"id":473,"href":"https:\/\/camaraimediatto.com.br\/2023\/wp-json\/wp\/v2\/pages\/414\/revisions\/473"}],"wp:attachment":[{"href":"https:\/\/camaraimediatto.com.br\/2023\/wp-json\/wp\/v2\/media?parent=414"}],"curies":[{"name":"wp","href":"https:\/\/api.w.org\/{rel}","templated":true}]}}